{"id":26580492,"date":"2025-02-06T15:46:14","date_gmt":"2025-02-06T14:46:14","guid":{"rendered":"https:\/\/slideroom.ai\/implementable-feedback-guideline-from-slideroom-gmbh\/"},"modified":"2025-07-29T09:29:51","modified_gmt":"2025-07-29T08:29:51","slug":"implementable-feedback-guideline-from-slideroom-gmbh","status":"publish","type":"page","link":"https:\/\/slideroom.ai\/en\/implementable-feedback-guideline-from-slideroom-gmbh\/","title":{"rendered":"Implementable feedback guideline from slideroom GmbH"},"content":{"rendered":"<p>[et_pb_section fb_built=&#8221;1&#8243; module_id=&#8221;dipi-particles-1&#8243; module_class=&#8221;dp-zoomin-right&#8221; _builder_version=&#8221;4.27.4&#8243; _module_preset=&#8221;default&#8221; background_enable_color=&#8221;off&#8221; use_background_color_gradient=&#8221;on&#8221; background_color_gradient_direction=&#8221;321deg&#8221; background_color_gradient_stops=&#8221;#5c00f6 0%|#2b0073 100%&#8221; background_enable_image=&#8221;off&#8221; custom_margin=&#8221;||||false|false&#8221; custom_padding=&#8221;||55px||false|false&#8221; border_radii=&#8221;off||||&#8221; saved_tabs=&#8221;all&#8221; global_colors_info=&#8221;{}&#8221;][et_pb_row _builder_version=&#8221;4.27.4&#8243; _module_preset=&#8221;default&#8221; background_enable_color=&#8221;off&#8221; background_enable_image=&#8221;off&#8221; background_size=&#8221;contain&#8221; custom_margin=&#8221;|auto||auto|false|false&#8221; custom_padding=&#8221;17px||0px||false|false&#8221; custom_css_main_element=&#8221;pointer-events: none;||&#8221; global_colors_info=&#8221;{}&#8221;][et_pb_column type=&#8221;4_4&#8243; _builder_version=&#8221;4.16&#8243; _module_preset=&#8221;default&#8221; global_colors_info=&#8221;{}&#8221;][et_pb_cta title=&#8221;Implementable feedback guideline from slideroom GmbH&#8221; button_url=&#8221;#&#8221; _builder_version=&#8221;4.27.4&#8243; _module_preset=&#8221;default&#8221; header_level=&#8221;h1&#8243; header_font=&#8221;&#8211;et_global_heading_font|700|||||||&#8221; header_text_color=&#8221;#FFFFFF&#8221; header_font_size=&#8221;54px&#8221; body_font=&#8221;&#8211;et_global_body_font||||||||&#8221; body_text_color=&#8221;#FFFFFF&#8221; use_background_color=&#8221;off&#8221; custom_button=&#8221;on&#8221; button_text_size=&#8221;16px&#8221; button_text_color=&#8221;#2A2A29&#8243; button_bg_color=&#8221;#FFFFFF&#8221; button_border_width=&#8221;0px&#8221; button_border_radius=&#8221;15px&#8221; button_letter_spacing=&#8221;3px&#8221; button_font=&#8221;&#8211;et_global_heading_font|&#8211;et_global_heading_font_weight||on|||||&#8221; button_icon=&#8221;&#x49;||divi||400&#8243; button_icon_color=&#8221;#2A2A29&#8243; button_custom_margin=&#8221;0px||||false|false&#8221; button_custom_padding=&#8221;15px|30px|15px|30px|false|false&#8221; max_width=&#8221;80%&#8221; module_alignment=&#8221;center&#8221; custom_margin=&#8221;||0px|||&#8221; custom_padding=&#8221;0px|0px|0px|0px|false|false&#8221; header_font_size_tablet=&#8221;58px&#8221; header_font_size_phone=&#8221;30px&#8221; header_font_size_last_edited=&#8221;on|phone&#8221; body_font_size_tablet=&#8221;&#8221; body_font_size_phone=&#8221;13px&#8221; body_font_size_last_edited=&#8221;on|phone&#8221; button_text_size_tablet=&#8221;14px&#8221; button_text_size_phone=&#8221;9px&#8221; button_text_size_last_edited=&#8221;on|phone&#8221; global_colors_info=&#8221;{}&#8221; button_custom_padding__hover_enabled=&#8221;on|hover&#8221; button_custom_padding__hover=&#8221;12px|40px|12px|30px|false|false&#8221; custom_css_promo_button__hover_enabled=&#8221;on|hover&#8221; custom_css_promo_button__hover=&#8221;transform: scale(1.05);&#8221;][\/et_pb_cta][\/et_pb_column][\/et_pb_row][\/et_pb_section][et_pb_section fb_built=&#8221;1&#8243; _builder_version=&#8221;4.27.4&#8243; background_image=&#8221;https:\/\/slideroom.ai\/wp-content\/uploads\/2021\/04\/creative-bg-02.png&#8221; global_colors_info=&#8221;{}&#8221;][et_pb_row _builder_version=&#8221;4.16&#8243; background_size=&#8221;initial&#8221; background_position=&#8221;top_left&#8221; background_repeat=&#8221;repeat&#8221; global_colors_info=&#8221;{}&#8221;][et_pb_column type=&#8221;4_4&#8243; _builder_version=&#8221;4.16&#8243; custom_padding=&#8221;|||&#8221; global_colors_info=&#8221;{}&#8221; custom_padding__hover=&#8221;|||&#8221;][et_pb_text _builder_version=&#8221;4.27.4&#8243; background_size=&#8221;initial&#8221; background_position=&#8221;top_left&#8221; background_repeat=&#8221;repeat&#8221; hover_enabled=&#8221;0&#8243; global_colors_info=&#8221;{}&#8221; header_2_font=&#8221;|600|||||||&#8221; header_2_font_size=&#8221;24px&#8221; header_2_line_height=&#8221;1.2em&#8221; sticky_enabled=&#8221;0&#8243;]<\/p>\n<h2>Our approach to feedback<\/h2>\n<p>At slideroom, we attach great importance to direct communication with our users. We believe that continuous feedback is the key to constantly improving our products and services. We therefore ensure that all feedback is taken seriously, evaluated and incorporated into our further development.  <\/p>\n<h2>How we collect feedback<\/h2>\n<p>We offer our users several ways to get in touch with us and share their feedback:<\/p>\n<ol>\n<li>Telephone support: You can reach us directly on +49 7221 944 7887.<\/li>\n<li>E-Mail: Send us your request to info@slideroom.ai.<\/li>\n<li>Contact form: You can reach us quickly and easily via the contact form on our website.<\/li>\n<li>Social Media: We are active on X, LinkedIn, Facebook, YouTube, Threads and other platforms and accept feedback there.<\/li>\n<li>Google Company Profile: We regularly receive reviews via our Google profile and respond to each review.<\/li>\n<\/ol>\n<h2>How we respond to feedback<\/h2>\n<ul>\n<li>Fast response times: Every message is promptly checked and answered by our team.<\/li>\n<li>Open communication: We take all feedback seriously, whether praise or criticism, and incorporate it into our product optimization.<\/li>\n<li>Transparency: Where possible, we communicate which changes have been implemented based on user feedback.<\/li>\n<\/ul>\n<h2>Why your feedback is important to us<\/h2>\n<p>We want to continuously develop slideroom and tailor it even better to the needs of our users. That&#8217;s why we welcome all feedback &#8211; be it an idea for a new function, a suggestion for improvement or constructive criticism. <\/p>\n<p>Do you have any suggestions or questions? Get in touch with us &#8211; we look forward to hearing from you! <\/p>\n<p>[\/et_pb_text][\/et_pb_column][\/et_pb_row][\/et_pb_section]<\/p>\n","protected":false},"excerpt":{"rendered":"<p>Our approach to feedback At slideroom, we attach great importance to direct communication with our users. We believe that continuous feedback is the key to constantly improving our products and services. We therefore ensure that all feedback is taken seriously, evaluated and incorporated into our further development. How we collect feedback We offer our users [&hellip;]<\/p>\n","protected":false},"author":2,"featured_media":0,"parent":0,"menu_order":0,"comment_status":"closed","ping_status":"closed","template":"","meta":{"_et_pb_use_builder":"on","_et_pb_old_content":"","_et_gb_content_width":"","footnotes":""},"dipi_cpt_category":[],"class_list":["post-26580492","page","type-page","status-publish","hentry"],"yoast_head":"<!-- This site is optimized with the Yoast SEO Premium plugin v26.6 (Yoast SEO v27.2) - https:\/\/yoast.com\/product\/yoast-seo-premium-wordpress\/ -->\n<title>Implementable feedback guideline from slideroom GmbH | slideroom<\/title>\n<meta name=\"robots\" content=\"index, follow, max-snippet:-1, max-image-preview:large, max-video-preview:-1\" \/>\n<link rel=\"canonical\" href=\"https:\/\/slideroom.ai\/en\/implementable-feedback-guideline-from-slideroom-gmbh\/\" \/>\n<meta property=\"og:locale\" content=\"en_US\" \/>\n<meta property=\"og:type\" content=\"article\" \/>\n<meta property=\"og:title\" content=\"Implementable feedback guideline from slideroom GmbH\" \/>\n<meta property=\"og:description\" content=\"Our approach to feedback At slideroom, we attach great importance to direct communication with our users. We believe that continuous feedback is the key to constantly improving our products and services. We therefore ensure that all feedback is taken seriously, evaluated and incorporated into our further development. How we collect feedback We offer our users [&hellip;]\" \/>\n<meta property=\"og:url\" content=\"https:\/\/slideroom.ai\/en\/implementable-feedback-guideline-from-slideroom-gmbh\/\" \/>\n<meta property=\"og:site_name\" content=\"slideroom\" \/>\n<meta property=\"article:publisher\" content=\"https:\/\/www.facebook.com\/profile.php?id=61572806999048\" \/>\n<meta property=\"article:modified_time\" content=\"2025-07-29T08:29:51+00:00\" \/>\n<meta property=\"og:image\" content=\"https:\/\/slideroom.ai\/wp-content\/uploads\/2025\/01\/slideroom-allgemein-1920-x-1200-Pixel.jpg\" \/>\n\t<meta property=\"og:image:width\" content=\"1920\" \/>\n\t<meta property=\"og:image:height\" content=\"1200\" \/>\n\t<meta property=\"og:image:type\" content=\"image\/jpeg\" \/>\n<meta name=\"twitter:card\" content=\"summary_large_image\" \/>\n<meta name=\"twitter:site\" content=\"@slideroomAddIn\" \/>\n<meta name=\"twitter:label1\" content=\"Est. reading time\" \/>\n\t<meta name=\"twitter:data1\" content=\"3 minutes\" \/>\n<script type=\"application\/ld+json\" class=\"yoast-schema-graph\">{\"@context\":\"https:\/\/schema.org\",\"@graph\":[{\"@type\":\"WebPage\",\"@id\":\"https:\/\/slideroom.ai\/en\/implementable-feedback-guideline-from-slideroom-gmbh\/\",\"url\":\"https:\/\/slideroom.ai\/en\/implementable-feedback-guideline-from-slideroom-gmbh\/\",\"name\":\"Implementable feedback guideline from slideroom GmbH | slideroom\",\"isPartOf\":{\"@id\":\"https:\/\/slideroom.ai\/en\/#website\"},\"datePublished\":\"2025-02-06T14:46:14+00:00\",\"dateModified\":\"2025-07-29T08:29:51+00:00\",\"breadcrumb\":{\"@id\":\"https:\/\/slideroom.ai\/en\/implementable-feedback-guideline-from-slideroom-gmbh\/#breadcrumb\"},\"inLanguage\":\"en-US\",\"potentialAction\":[{\"@type\":\"ReadAction\",\"target\":[\"https:\/\/slideroom.ai\/en\/implementable-feedback-guideline-from-slideroom-gmbh\/\"]}]},{\"@type\":\"BreadcrumbList\",\"@id\":\"https:\/\/slideroom.ai\/en\/implementable-feedback-guideline-from-slideroom-gmbh\/#breadcrumb\",\"itemListElement\":[{\"@type\":\"ListItem\",\"position\":1,\"name\":\"Startseite\",\"item\":\"https:\/\/slideroom.ai\/en\/home-page\/\"},{\"@type\":\"ListItem\",\"position\":2,\"name\":\"Implementable feedback guideline from slideroom GmbH\"}]},{\"@type\":\"WebSite\",\"@id\":\"https:\/\/slideroom.ai\/en\/#website\",\"url\":\"https:\/\/slideroom.ai\/en\/\",\"name\":\"slideroom\",\"description\":\"PowerPoint Add-In: Medienpool, Men\u00fcband und AI Studio\",\"publisher\":{\"@id\":\"https:\/\/slideroom.ai\/en\/#organization\"},\"potentialAction\":[{\"@type\":\"SearchAction\",\"target\":{\"@type\":\"EntryPoint\",\"urlTemplate\":\"https:\/\/slideroom.ai\/en\/?s={search_term_string}\"},\"query-input\":{\"@type\":\"PropertyValueSpecification\",\"valueRequired\":true,\"valueName\":\"search_term_string\"}}],\"inLanguage\":\"en-US\"},{\"@type\":\"Organization\",\"@id\":\"https:\/\/slideroom.ai\/en\/#organization\",\"name\":\"slideroom\",\"url\":\"https:\/\/slideroom.ai\/en\/\",\"logo\":{\"@type\":\"ImageObject\",\"inLanguage\":\"en-US\",\"@id\":\"https:\/\/slideroom.ai\/en\/#\/schema\/logo\/image\/\",\"url\":\"https:\/\/slideroom.ai\/wp-content\/uploads\/2024\/09\/cropped-Icon-Menueband-512px-1.png\",\"contentUrl\":\"https:\/\/slideroom.ai\/wp-content\/uploads\/2024\/09\/cropped-Icon-Menueband-512px-1.png\",\"width\":512,\"height\":512,\"caption\":\"slideroom\"},\"image\":{\"@id\":\"https:\/\/slideroom.ai\/en\/#\/schema\/logo\/image\/\"},\"sameAs\":[\"https:\/\/www.facebook.com\/profile.php?id=61572806999048\",\"https:\/\/x.com\/slideroomAddIn\",\"https:\/\/www.linkedin.com\/company\/slideroom-ai\",\"https:\/\/www.instagram.com\/slideroom.ai\/\"],\"description\":\"slideroom ist mehr als nur ein PowerPoint Add-In: Es ist der Game Changer f\u00fcr Pr\u00e4sentationen. Es kombiniert einen Medienpool, ein smartes Men\u00fcband, ein innovatives AI Studio und einen professionellen Corporate Design Check in einer modernen, intuitiven Benutzeroberfl\u00e4che. Dies beschleunigt und vereinheitlicht nicht nur die Pr\u00e4sentationserstellung, sondern hebt Pr\u00e4sentationen mit Hilfe k\u00fcnstlicher Intelligenz auf ein komplett neues Level. \ud83d\udcc2 Medienpool: Zentrale PowerPoint-Datenbank Direkter Zugriff auf alle relevanten Unternehmensmedien (Bilder, Icons, Pr\u00e4sentationen, Vorlagen etc.) direkt in PowerPoint. Nur einen Mausklick entfernt. \ud83d\uddb1\ufe0f Smartes Men\u00fcband: Effizienz auf Knopfdruck Zus\u00e4tzliches Men\u00fcband in PowerPoint, das speziell daf\u00fcr entwickelt wurde, zeitraubende Aufgaben zu vereinfachen und zu beschleunigen. \ud83e\udd16 AI Studio: Automatisierung f\u00fcr smarte Ergebnisse Textoptimierungen, zielgruppenspezifische Formulierungen, \u00dcbersetzungen, Corporate-Design-Pr\u00fcfung und vieles mehr: Ganz einfach auf Knopfdruck. slideroom wurde in Zusammenarbeit mit Deutschlands f\u00fchrender Pr\u00e4sentationsagentur RELEASE entwickelt, um auf Basis des Corporate Designs (CD) in k\u00fcrzerer Zeit bessere Pr\u00e4sentationen zu erstellen. Aus der Praxis - f\u00fcr die Praxis. So werden CD-konforme, \u00fcberzeigende Pr\u00e4sentationen zum Standard.\",\"email\":\"info@slideroom.ai\",\"telephone\":\"+49 7221 944 7887\",\"legalName\":\"slideroom GmbH\",\"foundingDate\":\"2020-03-01\",\"vatID\":\"DE367213821\",\"numberOfEmployees\":{\"@type\":\"QuantitativeValue\",\"minValue\":\"11\",\"maxValue\":\"50\"},\"publishingPrinciples\":\"https:\/\/slideroom.ai\/redaktionelle-grundsaetze-der-webseite-www-slideroom-ai\/\",\"ownershipFundingInfo\":\"https:\/\/slideroom.ai\/eigentums-und-finanzierungsinformationen-von-slideroom-gmbh\/\",\"actionableFeedbackPolicy\":\"https:\/\/slideroom.ai\/umsetzbare-feedback-richtlinie-von-slideroom-gmbh\/\",\"correctionsPolicy\":\"https:\/\/slideroom.ai\/korrekturrichtlinie-von-slideroom-gmbh\/\",\"ethicsPolicy\":\"https:\/\/slideroom.ai\/ethikrichtlinie-der-slideroom-gmbh\/\",\"diversityPolicy\":\"https:\/\/slideroom.ai\/diversitaetsrichtlinie-der-slideroom-gmbh\/\",\"diversityStaffingReport\":\"https:\/\/slideroom.ai\/diversitaets-personalbericht-der-slideroom-gmbh\/\"}]}<\/script>\n<!-- \/ Yoast SEO Premium plugin. -->","yoast_head_json":{"title":"Implementable feedback guideline from slideroom GmbH | slideroom","robots":{"index":"index","follow":"follow","max-snippet":"max-snippet:-1","max-image-preview":"max-image-preview:large","max-video-preview":"max-video-preview:-1"},"canonical":"https:\/\/slideroom.ai\/en\/implementable-feedback-guideline-from-slideroom-gmbh\/","og_locale":"en_US","og_type":"article","og_title":"Implementable feedback guideline from slideroom GmbH","og_description":"Our approach to feedback At slideroom, we attach great importance to direct communication with our users. We believe that continuous feedback is the key to constantly improving our products and services. We therefore ensure that all feedback is taken seriously, evaluated and incorporated into our further development. How we collect feedback We offer our users [&hellip;]","og_url":"https:\/\/slideroom.ai\/en\/implementable-feedback-guideline-from-slideroom-gmbh\/","og_site_name":"slideroom","article_publisher":"https:\/\/www.facebook.com\/profile.php?id=61572806999048","article_modified_time":"2025-07-29T08:29:51+00:00","og_image":[{"width":1920,"height":1200,"url":"https:\/\/slideroom.ai\/wp-content\/uploads\/2025\/01\/slideroom-allgemein-1920-x-1200-Pixel.jpg","type":"image\/jpeg"}],"twitter_card":"summary_large_image","twitter_site":"@slideroomAddIn","twitter_misc":{"Est. reading time":"3 minutes"},"schema":{"@context":"https:\/\/schema.org","@graph":[{"@type":"WebPage","@id":"https:\/\/slideroom.ai\/en\/implementable-feedback-guideline-from-slideroom-gmbh\/","url":"https:\/\/slideroom.ai\/en\/implementable-feedback-guideline-from-slideroom-gmbh\/","name":"Implementable feedback guideline from slideroom GmbH | slideroom","isPartOf":{"@id":"https:\/\/slideroom.ai\/en\/#website"},"datePublished":"2025-02-06T14:46:14+00:00","dateModified":"2025-07-29T08:29:51+00:00","breadcrumb":{"@id":"https:\/\/slideroom.ai\/en\/implementable-feedback-guideline-from-slideroom-gmbh\/#breadcrumb"},"inLanguage":"en-US","potentialAction":[{"@type":"ReadAction","target":["https:\/\/slideroom.ai\/en\/implementable-feedback-guideline-from-slideroom-gmbh\/"]}]},{"@type":"BreadcrumbList","@id":"https:\/\/slideroom.ai\/en\/implementable-feedback-guideline-from-slideroom-gmbh\/#breadcrumb","itemListElement":[{"@type":"ListItem","position":1,"name":"Startseite","item":"https:\/\/slideroom.ai\/en\/home-page\/"},{"@type":"ListItem","position":2,"name":"Implementable feedback guideline from slideroom GmbH"}]},{"@type":"WebSite","@id":"https:\/\/slideroom.ai\/en\/#website","url":"https:\/\/slideroom.ai\/en\/","name":"slideroom","description":"PowerPoint Add-In: Medienpool, Men\u00fcband und AI Studio","publisher":{"@id":"https:\/\/slideroom.ai\/en\/#organization"},"potentialAction":[{"@type":"SearchAction","target":{"@type":"EntryPoint","urlTemplate":"https:\/\/slideroom.ai\/en\/?s={search_term_string}"},"query-input":{"@type":"PropertyValueSpecification","valueRequired":true,"valueName":"search_term_string"}}],"inLanguage":"en-US"},{"@type":"Organization","@id":"https:\/\/slideroom.ai\/en\/#organization","name":"slideroom","url":"https:\/\/slideroom.ai\/en\/","logo":{"@type":"ImageObject","inLanguage":"en-US","@id":"https:\/\/slideroom.ai\/en\/#\/schema\/logo\/image\/","url":"https:\/\/slideroom.ai\/wp-content\/uploads\/2024\/09\/cropped-Icon-Menueband-512px-1.png","contentUrl":"https:\/\/slideroom.ai\/wp-content\/uploads\/2024\/09\/cropped-Icon-Menueband-512px-1.png","width":512,"height":512,"caption":"slideroom"},"image":{"@id":"https:\/\/slideroom.ai\/en\/#\/schema\/logo\/image\/"},"sameAs":["https:\/\/www.facebook.com\/profile.php?id=61572806999048","https:\/\/x.com\/slideroomAddIn","https:\/\/www.linkedin.com\/company\/slideroom-ai","https:\/\/www.instagram.com\/slideroom.ai\/"],"description":"slideroom ist mehr als nur ein PowerPoint Add-In: Es ist der Game Changer f\u00fcr Pr\u00e4sentationen. Es kombiniert einen Medienpool, ein smartes Men\u00fcband, ein innovatives AI Studio und einen professionellen Corporate Design Check in einer modernen, intuitiven Benutzeroberfl\u00e4che. Dies beschleunigt und vereinheitlicht nicht nur die Pr\u00e4sentationserstellung, sondern hebt Pr\u00e4sentationen mit Hilfe k\u00fcnstlicher Intelligenz auf ein komplett neues Level. \ud83d\udcc2 Medienpool: Zentrale PowerPoint-Datenbank Direkter Zugriff auf alle relevanten Unternehmensmedien (Bilder, Icons, Pr\u00e4sentationen, Vorlagen etc.) direkt in PowerPoint. Nur einen Mausklick entfernt. \ud83d\uddb1\ufe0f Smartes Men\u00fcband: Effizienz auf Knopfdruck Zus\u00e4tzliches Men\u00fcband in PowerPoint, das speziell daf\u00fcr entwickelt wurde, zeitraubende Aufgaben zu vereinfachen und zu beschleunigen. \ud83e\udd16 AI Studio: Automatisierung f\u00fcr smarte Ergebnisse Textoptimierungen, zielgruppenspezifische Formulierungen, \u00dcbersetzungen, Corporate-Design-Pr\u00fcfung und vieles mehr: Ganz einfach auf Knopfdruck. slideroom wurde in Zusammenarbeit mit Deutschlands f\u00fchrender Pr\u00e4sentationsagentur RELEASE entwickelt, um auf Basis des Corporate Designs (CD) in k\u00fcrzerer Zeit bessere Pr\u00e4sentationen zu erstellen. Aus der Praxis - f\u00fcr die Praxis. So werden CD-konforme, \u00fcberzeigende Pr\u00e4sentationen zum Standard.","email":"info@slideroom.ai","telephone":"+49 7221 944 7887","legalName":"slideroom GmbH","foundingDate":"2020-03-01","vatID":"DE367213821","numberOfEmployees":{"@type":"QuantitativeValue","minValue":"11","maxValue":"50"},"publishingPrinciples":"https:\/\/slideroom.ai\/redaktionelle-grundsaetze-der-webseite-www-slideroom-ai\/","ownershipFundingInfo":"https:\/\/slideroom.ai\/eigentums-und-finanzierungsinformationen-von-slideroom-gmbh\/","actionableFeedbackPolicy":"https:\/\/slideroom.ai\/umsetzbare-feedback-richtlinie-von-slideroom-gmbh\/","correctionsPolicy":"https:\/\/slideroom.ai\/korrekturrichtlinie-von-slideroom-gmbh\/","ethicsPolicy":"https:\/\/slideroom.ai\/ethikrichtlinie-der-slideroom-gmbh\/","diversityPolicy":"https:\/\/slideroom.ai\/diversitaetsrichtlinie-der-slideroom-gmbh\/","diversityStaffingReport":"https:\/\/slideroom.ai\/diversitaets-personalbericht-der-slideroom-gmbh\/"}]}},"_links":{"self":[{"href":"https:\/\/slideroom.ai\/en\/wp-json\/wp\/v2\/pages\/26580492","targetHints":{"allow":["GET"]}}],"collection":[{"href":"https:\/\/slideroom.ai\/en\/wp-json\/wp\/v2\/pages"}],"about":[{"href":"https:\/\/slideroom.ai\/en\/wp-json\/wp\/v2\/types\/page"}],"author":[{"embeddable":true,"href":"https:\/\/slideroom.ai\/en\/wp-json\/wp\/v2\/users\/2"}],"replies":[{"embeddable":true,"href":"https:\/\/slideroom.ai\/en\/wp-json\/wp\/v2\/comments?post=26580492"}],"version-history":[{"count":3,"href":"https:\/\/slideroom.ai\/en\/wp-json\/wp\/v2\/pages\/26580492\/revisions"}],"predecessor-version":[{"id":26580498,"href":"https:\/\/slideroom.ai\/en\/wp-json\/wp\/v2\/pages\/26580492\/revisions\/26580498"}],"wp:attachment":[{"href":"https:\/\/slideroom.ai\/en\/wp-json\/wp\/v2\/media?parent=26580492"}],"wp:term":[{"taxonomy":"dipi_cpt_category","embeddable":true,"href":"https:\/\/slideroom.ai\/en\/wp-json\/wp\/v2\/dipi_cpt_category?post=26580492"}],"curies":[{"name":"wp","href":"https:\/\/api.w.org\/{rel}","templated":true}]}}