{"id":26581182,"date":"2021-06-24T18:56:41","date_gmt":"2021-06-24T17:56:41","guid":{"rendered":"https:\/\/slideroom.ai\/404-2\/"},"modified":"2025-07-29T10:16:58","modified_gmt":"2025-07-29T09:16:58","slug":"404-2","status":"publish","type":"page","link":"https:\/\/slideroom.ai\/en\/404-2\/","title":{"rendered":"404"},"content":{"rendered":"<p>[et_pb_section fb_built=&#8221;1&#8243; custom_padding_last_edited=&#8221;on|phone&#8221; _builder_version=&#8221;4.16&#8243; _module_preset=&#8221;default&#8221; background_image=&#8221;https:\/\/slideroom.ai\/wp-content\/uploads\/2021\/04\/creative-bg-02.png&#8221; custom_padding=&#8221;||0px|||&#8221; custom_padding_tablet=&#8221;&#8221; custom_padding_phone=&#8221;0px||||false|false&#8221; global_colors_info=&#8221;{}&#8221;][et_pb_row _builder_version=&#8221;4.16&#8243; _module_preset=&#8221;default&#8221; custom_padding=&#8221;||0px|||&#8221; global_colors_info=&#8221;{}&#8221;][et_pb_column type=&#8221;4_4&#8243; _builder_version=&#8221;4.16&#8243; _module_preset=&#8221;default&#8221; global_colors_info=&#8221;{}&#8221;][dipi_lottie_icon json_file=&#8221;https:\/\/slideroom.ai\/wp-content\/uploads\/2021\/06\/40372-error-404-page.json&#8221; lottie_width=&#8221;680px&#8221; lottie_width_tablet=&#8221;520px&#8221; lottie_width_phone=&#8221;100%&#8221; lottie_width_last_edited=&#8221;on|desktop&#8221; _builder_version=&#8221;4.27.3&#8243; _module_preset=&#8221;default&#8221; custom_lottie_button=&#8221;on&#8221; lottie_button_bg_use_color_gradient=&#8221;on&#8221; lottie_button_bg_color_gradient_type=&#8221;elliptical&#8221; lottie_button_bg_color_gradient_direction_radial=&#8221;top left&#8221; lottie_button_bg_color_gradient_stops=&#8221;#5c00f6 0%|#2b0073 100%&#8221; lottie_button_use_icon=&#8221;off&#8221; global_colors_info=&#8221;{}&#8221;][\/dipi_lottie_icon][\/et_pb_column][\/et_pb_row][et_pb_row _builder_version=&#8221;4.16&#8243; _module_preset=&#8221;default&#8221; global_colors_info=&#8221;{}&#8221;][et_pb_column type=&#8221;4_4&#8243; module_class=&#8221;dp-vertical-align&#8221; _builder_version=&#8221;4.16&#8243; _module_preset=&#8221;default&#8221; custom_padding_tablet=&#8221;&#8221; custom_padding_phone=&#8221;|0px|||false|false&#8221; custom_padding_last_edited=&#8221;on|desktop&#8221; global_colors_info=&#8221;{}&#8221;][et_pb_text _builder_version=&#8221;4.27.3&#8243; _module_preset=&#8221;default&#8221; text_font=&#8221;Poppins||||||||&#8221; text_text_color=&#8221;#2A2A29&#8243; text_letter_spacing=&#8221;1px&#8221; text_orientation=&#8221;center&#8221; custom_margin=&#8221;||10px||false|false&#8221; custom_padding=&#8221;||||false|false&#8221; text_font_size_tablet=&#8221;20px&#8221; text_font_size_phone=&#8221;15px&#8221; text_font_size_last_edited=&#8221;on|phone&#8221; global_colors_info=&#8221;{}&#8221;]<\/p>\n<p>Ooops&#8230; I guess it didn&#8217;t work out<\/p>\n<p>[\/et_pb_text][et_pb_text _builder_version=&#8221;4.27.3&#8243; _module_preset=&#8221;default&#8221; text_font=&#8221;Poppins|600|||||||&#8221; text_text_color=&#8221;#2A2A29&#8243; text_letter_spacing=&#8221;1px&#8221; text_orientation=&#8221;center&#8221; max_width=&#8221;887px&#8221; module_alignment=&#8221;center&#8221; custom_margin=&#8221;10px||20px||false|false&#8221; text_font_size_tablet=&#8221;20px&#8221; text_font_size_phone=&#8221;15px&#8221; text_font_size_last_edited=&#8221;on|phone&#8221; global_colors_info=&#8221;{}&#8221;]<\/p>\n<p>Requested page was not found<\/p>\n<p>[\/et_pb_text][et_pb_button button_text=&#8221;Home page&#8221; button_alignment=&#8221;center&#8221; _builder_version=&#8221;4.27.4&#8243; _module_preset=&#8221;default&#8221; custom_button=&#8221;on&#8221; button_text_color=&#8221;#FFFFFF&#8221; button_bg_use_color_gradient=&#8221;on&#8221; button_bg_color_gradient_type=&#8221;elliptical&#8221; button_bg_color_gradient_direction=&#8221;135deg&#8221; button_bg_color_gradient_direction_radial=&#8221;top left&#8221; button_bg_color_gradient_stops=&#8221;#5c00f6 0%|#2b0073 100%&#8221; button_bg_color_gradient_start=&#8221;#c989da&#8221; button_bg_color_gradient_end=&#8221;#816fd2&#8243; button_letter_spacing=&#8221;10px&#8221; button_font=&#8221;||||||||&#8221; button_use_icon=&#8221;off&#8221; transform_translate_linked__hover=&#8221;off&#8221; background_layout=&#8221;dark&#8221; custom_padding=&#8221;15px|40px|15px|40px|false|false&#8221; hover_enabled=&#8221;0&#8243; global_colors_info=&#8221;{}&#8221; transform_styles__hover_enabled=&#8221;on|hover&#8221; transform_scale__hover=&#8221;105%|105%&#8221; transform_scale__hover_enabled=&#8221;on|hover&#8221; transform_translate__hover_enabled=&#8221;on|hover&#8221; transform_rotate__hover_enabled=&#8221;on|desktop&#8221; transform_skew__hover_enabled=&#8221;on|desktop&#8221; transform_origin__hover_enabled=&#8221;on|desktop&#8221; button_url=&#8221;@ET-DC@eyJkeW5hbWljIjp0cnVlLCJjb250ZW50IjoiaG9tZV91cmwiLCJzZXR0aW5ncyI6W119@&#8221; _dynamic_attributes=&#8221;button_url&#8221; sticky_enabled=&#8221;0&#8243;][\/et_pb_button][\/et_pb_column][\/et_pb_row][\/et_pb_section]<\/p>\n","protected":false},"excerpt":{"rendered":"<p><div class=\"et_pb_module dipi_lottie_icon dipi_lottie_icon_0\">\n\t\t\t\t\n\t\t\t\t\n\t\t\t\t\n\t\t\t\t\n\t\t\t\t\n\t\t\t\t\n\t\t\t\t<div class=\"et_pb_module_inner\">\n\t\t\t\t\t<div class=\"dipi-lottie-wrapper dipi_lottie_placement_top dipi_lottie_placement_top_tablet dipi_lottie_placement_top_phone\">\n                    <div class=\"dipi-lottie-icon\" data-options=\"{&quot;path&quot;:&quot;https:\\\/\\\/slideroom.ai\\\/wp-content\\\/uploads\\\/2021\\\/06\\\/40372-error-404-page.json&quot;,&quot;ext&quot;:&quot;json&quot;,&quot;loop&quot;:true,&quot;autoplay&quot;:true,&quot;anim_delay&quot;:&quot;0&quot;,&quot;anim_start&quot;:&quot;autostart&quot;,&quot;anim_start_viewport&quot;:&quot;75%&quot;,&quot;start_frame&quot;:&quot;1&quot;,&quot;speed&quot;:&quot;1&quot;,&quot;direction&quot;:&quot;1&quot;,&quot;play_on_hover&quot;:&quot;on&quot;,&quot;stop_on_hover&quot;:&quot;on&quot;,&quot;animate_on_scroll&quot;:&quot;off&quot;,&quot;visibility_start&quot;:&quot;0%&quot;,&quot;visibility_end&quot;:&quot;100%&quot;,&quot;frame_start&quot;:&quot;0&quot;,&quot;frame_end&quot;:&quot;100&quot;}\"><\/div>\n                    \n                <\/div>\n\t\t\t\t<\/div>\n\t\t\t<\/div>Ooops&#8230; I guess it didn&#8217;t work outRequested page was not found<\/p>\n","protected":false},"author":1,"featured_media":0,"parent":0,"menu_order":0,"comment_status":"closed","ping_status":"closed","template":"","meta":{"_et_pb_use_builder":"on","_et_pb_old_content":"","_et_gb_content_width":"","footnotes":""},"dipi_cpt_category":[],"class_list":["post-26581182","page","type-page","status-publish","hentry"],"yoast_head":"<!-- This site is optimized with the Yoast SEO Premium plugin v26.6 (Yoast SEO v27.2) - https:\/\/yoast.com\/product\/yoast-seo-premium-wordpress\/ -->\n<title>404 | slideroom<\/title>\n<meta name=\"robots\" content=\"index, follow, max-snippet:-1, max-image-preview:large, max-video-preview:-1\" \/>\n<link rel=\"canonical\" href=\"https:\/\/slideroom.ai\/en\/404-2\/\" \/>\n<meta property=\"og:locale\" content=\"en_US\" \/>\n<meta property=\"og:type\" content=\"article\" \/>\n<meta property=\"og:title\" content=\"404\" \/>\n<meta property=\"og:description\" content=\"Ooops... I guess it didn&#039;t work outRequested page was not found\" \/>\n<meta property=\"og:url\" content=\"https:\/\/slideroom.ai\/en\/404-2\/\" \/>\n<meta property=\"og:site_name\" content=\"slideroom\" \/>\n<meta property=\"article:publisher\" content=\"https:\/\/www.facebook.com\/profile.php?id=61572806999048\" \/>\n<meta property=\"article:modified_time\" content=\"2025-07-29T09:16:58+00:00\" \/>\n<meta property=\"og:image\" content=\"https:\/\/slideroom.ai\/wp-content\/uploads\/2025\/01\/slideroom-allgemein-1920-x-1200-Pixel.jpg\" \/>\n\t<meta property=\"og:image:width\" content=\"1920\" \/>\n\t<meta property=\"og:image:height\" content=\"1200\" \/>\n\t<meta property=\"og:image:type\" content=\"image\/jpeg\" \/>\n<meta name=\"twitter:card\" content=\"summary_large_image\" \/>\n<meta name=\"twitter:site\" content=\"@slideroomAddIn\" \/>\n<meta name=\"twitter:label1\" content=\"Est. reading time\" \/>\n\t<meta name=\"twitter:data1\" content=\"2 minutes\" \/>\n<script type=\"application\/ld+json\" class=\"yoast-schema-graph\">{\"@context\":\"https:\/\/schema.org\",\"@graph\":[{\"@type\":\"WebPage\",\"@id\":\"https:\/\/slideroom.ai\/en\/404-2\/\",\"url\":\"https:\/\/slideroom.ai\/en\/404-2\/\",\"name\":\"404 | slideroom\",\"isPartOf\":{\"@id\":\"https:\/\/slideroom.ai\/en\/#website\"},\"datePublished\":\"2021-06-24T17:56:41+00:00\",\"dateModified\":\"2025-07-29T09:16:58+00:00\",\"breadcrumb\":{\"@id\":\"https:\/\/slideroom.ai\/en\/404-2\/#breadcrumb\"},\"inLanguage\":\"en-US\",\"potentialAction\":[{\"@type\":\"ReadAction\",\"target\":[\"https:\/\/slideroom.ai\/en\/404-2\/\"]}]},{\"@type\":\"BreadcrumbList\",\"@id\":\"https:\/\/slideroom.ai\/en\/404-2\/#breadcrumb\",\"itemListElement\":[{\"@type\":\"ListItem\",\"position\":1,\"name\":\"Startseite\",\"item\":\"https:\/\/slideroom.ai\/en\/home-page\/\"},{\"@type\":\"ListItem\",\"position\":2,\"name\":\"404\"}]},{\"@type\":\"WebSite\",\"@id\":\"https:\/\/slideroom.ai\/en\/#website\",\"url\":\"https:\/\/slideroom.ai\/en\/\",\"name\":\"slideroom\",\"description\":\"PowerPoint Add-In: Medienpool, Men\u00fcband und AI Studio\",\"publisher\":{\"@id\":\"https:\/\/slideroom.ai\/en\/#organization\"},\"potentialAction\":[{\"@type\":\"SearchAction\",\"target\":{\"@type\":\"EntryPoint\",\"urlTemplate\":\"https:\/\/slideroom.ai\/en\/?s={search_term_string}\"},\"query-input\":{\"@type\":\"PropertyValueSpecification\",\"valueRequired\":true,\"valueName\":\"search_term_string\"}}],\"inLanguage\":\"en-US\"},{\"@type\":\"Organization\",\"@id\":\"https:\/\/slideroom.ai\/en\/#organization\",\"name\":\"slideroom\",\"url\":\"https:\/\/slideroom.ai\/en\/\",\"logo\":{\"@type\":\"ImageObject\",\"inLanguage\":\"en-US\",\"@id\":\"https:\/\/slideroom.ai\/en\/#\/schema\/logo\/image\/\",\"url\":\"https:\/\/slideroom.ai\/wp-content\/uploads\/2024\/09\/cropped-Icon-Menueband-512px-1.png\",\"contentUrl\":\"https:\/\/slideroom.ai\/wp-content\/uploads\/2024\/09\/cropped-Icon-Menueband-512px-1.png\",\"width\":512,\"height\":512,\"caption\":\"slideroom\"},\"image\":{\"@id\":\"https:\/\/slideroom.ai\/en\/#\/schema\/logo\/image\/\"},\"sameAs\":[\"https:\/\/www.facebook.com\/profile.php?id=61572806999048\",\"https:\/\/x.com\/slideroomAddIn\",\"https:\/\/www.linkedin.com\/company\/slideroom-ai\",\"https:\/\/www.instagram.com\/slideroom.ai\/\"],\"description\":\"slideroom ist mehr als nur ein PowerPoint Add-In: Es ist der Game Changer f\u00fcr Pr\u00e4sentationen. Es kombiniert einen Medienpool, ein smartes Men\u00fcband, ein innovatives AI Studio und einen professionellen Corporate Design Check in einer modernen, intuitiven Benutzeroberfl\u00e4che. Dies beschleunigt und vereinheitlicht nicht nur die Pr\u00e4sentationserstellung, sondern hebt Pr\u00e4sentationen mit Hilfe k\u00fcnstlicher Intelligenz auf ein komplett neues Level. \ud83d\udcc2 Medienpool: Zentrale PowerPoint-Datenbank Direkter Zugriff auf alle relevanten Unternehmensmedien (Bilder, Icons, Pr\u00e4sentationen, Vorlagen etc.) direkt in PowerPoint. Nur einen Mausklick entfernt. \ud83d\uddb1\ufe0f Smartes Men\u00fcband: Effizienz auf Knopfdruck Zus\u00e4tzliches Men\u00fcband in PowerPoint, das speziell daf\u00fcr entwickelt wurde, zeitraubende Aufgaben zu vereinfachen und zu beschleunigen. \ud83e\udd16 AI Studio: Automatisierung f\u00fcr smarte Ergebnisse Textoptimierungen, zielgruppenspezifische Formulierungen, \u00dcbersetzungen, Corporate-Design-Pr\u00fcfung und vieles mehr: Ganz einfach auf Knopfdruck. slideroom wurde in Zusammenarbeit mit Deutschlands f\u00fchrender Pr\u00e4sentationsagentur RELEASE entwickelt, um auf Basis des Corporate Designs (CD) in k\u00fcrzerer Zeit bessere Pr\u00e4sentationen zu erstellen. Aus der Praxis - f\u00fcr die Praxis. So werden CD-konforme, \u00fcberzeigende Pr\u00e4sentationen zum Standard.\",\"email\":\"info@slideroom.ai\",\"telephone\":\"+49 7221 944 7887\",\"legalName\":\"slideroom GmbH\",\"foundingDate\":\"2020-03-01\",\"vatID\":\"DE367213821\",\"numberOfEmployees\":{\"@type\":\"QuantitativeValue\",\"minValue\":\"11\",\"maxValue\":\"50\"},\"publishingPrinciples\":\"https:\/\/slideroom.ai\/redaktionelle-grundsaetze-der-webseite-www-slideroom-ai\/\",\"ownershipFundingInfo\":\"https:\/\/slideroom.ai\/eigentums-und-finanzierungsinformationen-von-slideroom-gmbh\/\",\"actionableFeedbackPolicy\":\"https:\/\/slideroom.ai\/umsetzbare-feedback-richtlinie-von-slideroom-gmbh\/\",\"correctionsPolicy\":\"https:\/\/slideroom.ai\/korrekturrichtlinie-von-slideroom-gmbh\/\",\"ethicsPolicy\":\"https:\/\/slideroom.ai\/ethikrichtlinie-der-slideroom-gmbh\/\",\"diversityPolicy\":\"https:\/\/slideroom.ai\/diversitaetsrichtlinie-der-slideroom-gmbh\/\",\"diversityStaffingReport\":\"https:\/\/slideroom.ai\/diversitaets-personalbericht-der-slideroom-gmbh\/\"}]}<\/script>\n<!-- \/ Yoast SEO Premium plugin. -->","yoast_head_json":{"title":"404 | slideroom","robots":{"index":"index","follow":"follow","max-snippet":"max-snippet:-1","max-image-preview":"max-image-preview:large","max-video-preview":"max-video-preview:-1"},"canonical":"https:\/\/slideroom.ai\/en\/404-2\/","og_locale":"en_US","og_type":"article","og_title":"404","og_description":"Ooops... I guess it didn't work outRequested page was not found","og_url":"https:\/\/slideroom.ai\/en\/404-2\/","og_site_name":"slideroom","article_publisher":"https:\/\/www.facebook.com\/profile.php?id=61572806999048","article_modified_time":"2025-07-29T09:16:58+00:00","og_image":[{"width":1920,"height":1200,"url":"https:\/\/slideroom.ai\/wp-content\/uploads\/2025\/01\/slideroom-allgemein-1920-x-1200-Pixel.jpg","type":"image\/jpeg"}],"twitter_card":"summary_large_image","twitter_site":"@slideroomAddIn","twitter_misc":{"Est. reading time":"2 minutes"},"schema":{"@context":"https:\/\/schema.org","@graph":[{"@type":"WebPage","@id":"https:\/\/slideroom.ai\/en\/404-2\/","url":"https:\/\/slideroom.ai\/en\/404-2\/","name":"404 | slideroom","isPartOf":{"@id":"https:\/\/slideroom.ai\/en\/#website"},"datePublished":"2021-06-24T17:56:41+00:00","dateModified":"2025-07-29T09:16:58+00:00","breadcrumb":{"@id":"https:\/\/slideroom.ai\/en\/404-2\/#breadcrumb"},"inLanguage":"en-US","potentialAction":[{"@type":"ReadAction","target":["https:\/\/slideroom.ai\/en\/404-2\/"]}]},{"@type":"BreadcrumbList","@id":"https:\/\/slideroom.ai\/en\/404-2\/#breadcrumb","itemListElement":[{"@type":"ListItem","position":1,"name":"Startseite","item":"https:\/\/slideroom.ai\/en\/home-page\/"},{"@type":"ListItem","position":2,"name":"404"}]},{"@type":"WebSite","@id":"https:\/\/slideroom.ai\/en\/#website","url":"https:\/\/slideroom.ai\/en\/","name":"slideroom","description":"PowerPoint Add-In: Medienpool, Men\u00fcband und AI Studio","publisher":{"@id":"https:\/\/slideroom.ai\/en\/#organization"},"potentialAction":[{"@type":"SearchAction","target":{"@type":"EntryPoint","urlTemplate":"https:\/\/slideroom.ai\/en\/?s={search_term_string}"},"query-input":{"@type":"PropertyValueSpecification","valueRequired":true,"valueName":"search_term_string"}}],"inLanguage":"en-US"},{"@type":"Organization","@id":"https:\/\/slideroom.ai\/en\/#organization","name":"slideroom","url":"https:\/\/slideroom.ai\/en\/","logo":{"@type":"ImageObject","inLanguage":"en-US","@id":"https:\/\/slideroom.ai\/en\/#\/schema\/logo\/image\/","url":"https:\/\/slideroom.ai\/wp-content\/uploads\/2024\/09\/cropped-Icon-Menueband-512px-1.png","contentUrl":"https:\/\/slideroom.ai\/wp-content\/uploads\/2024\/09\/cropped-Icon-Menueband-512px-1.png","width":512,"height":512,"caption":"slideroom"},"image":{"@id":"https:\/\/slideroom.ai\/en\/#\/schema\/logo\/image\/"},"sameAs":["https:\/\/www.facebook.com\/profile.php?id=61572806999048","https:\/\/x.com\/slideroomAddIn","https:\/\/www.linkedin.com\/company\/slideroom-ai","https:\/\/www.instagram.com\/slideroom.ai\/"],"description":"slideroom ist mehr als nur ein PowerPoint Add-In: Es ist der Game Changer f\u00fcr Pr\u00e4sentationen. Es kombiniert einen Medienpool, ein smartes Men\u00fcband, ein innovatives AI Studio und einen professionellen Corporate Design Check in einer modernen, intuitiven Benutzeroberfl\u00e4che. Dies beschleunigt und vereinheitlicht nicht nur die Pr\u00e4sentationserstellung, sondern hebt Pr\u00e4sentationen mit Hilfe k\u00fcnstlicher Intelligenz auf ein komplett neues Level. \ud83d\udcc2 Medienpool: Zentrale PowerPoint-Datenbank Direkter Zugriff auf alle relevanten Unternehmensmedien (Bilder, Icons, Pr\u00e4sentationen, Vorlagen etc.) direkt in PowerPoint. Nur einen Mausklick entfernt. \ud83d\uddb1\ufe0f Smartes Men\u00fcband: Effizienz auf Knopfdruck Zus\u00e4tzliches Men\u00fcband in PowerPoint, das speziell daf\u00fcr entwickelt wurde, zeitraubende Aufgaben zu vereinfachen und zu beschleunigen. \ud83e\udd16 AI Studio: Automatisierung f\u00fcr smarte Ergebnisse Textoptimierungen, zielgruppenspezifische Formulierungen, \u00dcbersetzungen, Corporate-Design-Pr\u00fcfung und vieles mehr: Ganz einfach auf Knopfdruck. slideroom wurde in Zusammenarbeit mit Deutschlands f\u00fchrender Pr\u00e4sentationsagentur RELEASE entwickelt, um auf Basis des Corporate Designs (CD) in k\u00fcrzerer Zeit bessere Pr\u00e4sentationen zu erstellen. Aus der Praxis - f\u00fcr die Praxis. So werden CD-konforme, \u00fcberzeigende Pr\u00e4sentationen zum Standard.","email":"info@slideroom.ai","telephone":"+49 7221 944 7887","legalName":"slideroom GmbH","foundingDate":"2020-03-01","vatID":"DE367213821","numberOfEmployees":{"@type":"QuantitativeValue","minValue":"11","maxValue":"50"},"publishingPrinciples":"https:\/\/slideroom.ai\/redaktionelle-grundsaetze-der-webseite-www-slideroom-ai\/","ownershipFundingInfo":"https:\/\/slideroom.ai\/eigentums-und-finanzierungsinformationen-von-slideroom-gmbh\/","actionableFeedbackPolicy":"https:\/\/slideroom.ai\/umsetzbare-feedback-richtlinie-von-slideroom-gmbh\/","correctionsPolicy":"https:\/\/slideroom.ai\/korrekturrichtlinie-von-slideroom-gmbh\/","ethicsPolicy":"https:\/\/slideroom.ai\/ethikrichtlinie-der-slideroom-gmbh\/","diversityPolicy":"https:\/\/slideroom.ai\/diversitaetsrichtlinie-der-slideroom-gmbh\/","diversityStaffingReport":"https:\/\/slideroom.ai\/diversitaets-personalbericht-der-slideroom-gmbh\/"}]}},"_links":{"self":[{"href":"https:\/\/slideroom.ai\/en\/wp-json\/wp\/v2\/pages\/26581182","targetHints":{"allow":["GET"]}}],"collection":[{"href":"https:\/\/slideroom.ai\/en\/wp-json\/wp\/v2\/pages"}],"about":[{"href":"https:\/\/slideroom.ai\/en\/wp-json\/wp\/v2\/types\/page"}],"author":[{"embeddable":true,"href":"https:\/\/slideroom.ai\/en\/wp-json\/wp\/v2\/users\/1"}],"replies":[{"embeddable":true,"href":"https:\/\/slideroom.ai\/en\/wp-json\/wp\/v2\/comments?post=26581182"}],"version-history":[{"count":2,"href":"https:\/\/slideroom.ai\/en\/wp-json\/wp\/v2\/pages\/26581182\/revisions"}],"predecessor-version":[{"id":26581184,"href":"https:\/\/slideroom.ai\/en\/wp-json\/wp\/v2\/pages\/26581182\/revisions\/26581184"}],"wp:attachment":[{"href":"https:\/\/slideroom.ai\/en\/wp-json\/wp\/v2\/media?parent=26581182"}],"wp:term":[{"taxonomy":"dipi_cpt_category","embeddable":true,"href":"https:\/\/slideroom.ai\/en\/wp-json\/wp\/v2\/dipi_cpt_category?post=26581182"}],"curies":[{"name":"wp","href":"https:\/\/api.w.org\/{rel}","templated":true}]}}